{"id":566,"date":"2023-11-12T14:45:56","date_gmt":"2023-11-12T14:45:56","guid":{"rendered":"https:\/\/oikoumene.be\/?page_id=566"},"modified":"2025-12-09T09:41:35","modified_gmt":"2025-12-09T09:41:35","slug":"welkom-francais","status":"publish","type":"page","link":"https:\/\/oikoumene.be\/?page_id=566&lang=fr","title":{"rendered":"Bienvenue"},"content":{"rendered":"\n<p>Erig\u00e9e par la Conf\u00e9rence des \u00e9v\u00eaques de Belgique en 1967, la Commission Nationale Catholique pour l&#8217;Oecum\u00e9nisme (CNCO) a comme t\u00e2che de favoriser les relations entre l\u2019\u00c9glise catholique et les autres \u00c9glises et confessions chr\u00e9tiennes ainsi que de d\u00e9velopper la pastorale \u0153cum\u00e9nique dans notre pays. Elle comprend les pr\u00e9sidents des commissions dioc\u00e9saines ainsi que les responsables des sous-commissions nationales.<br>L\u2019\u00e9v\u00eaque r\u00e9f\u00e9rendaire : Mgr Johan Bonny, \u00e9v\u00eaque d\u2019Anvers<br>Le pr\u00e9sident : Professeur Peter De Mey &#8211; Le secr\u00e9taire : Mgr Etienne Quintiens<\/p>\n\n\n\n<p><\/p>\n\n\n\n<h2 class=\"wp-block-heading\">Les derniers articles:<\/h2>\n\n\n<ul class=\"wp-block-latest-posts__list wp-block-latest-posts\"><li><a class=\"wp-block-latest-posts__post-title\" href=\"https:\/\/oikoumene.be\/?p=1126&#038;lang=fr\">Les conf\u00e9rences du journ\u00e9e d&#8217;\u00e9tude \u00e0 Torhout, 29 novembre 2025<\/a><\/li>\n<li><a class=\"wp-block-latest-posts__post-title\" href=\"https:\/\/oikoumene.be\/?p=1123\">De conferentieteksten van de studiedag in Torhout<\/a><\/li>\n<li><a class=\"wp-block-latest-posts__post-title\" href=\"https:\/\/oikoumene.be\/?p=1115&#038;lang=en\">Festive program 100 years of \u2018Malines Conversations\u2019<\/a><\/li>\n<li><a class=\"wp-block-latest-posts__post-title\" href=\"https:\/\/oikoumene.be\/?p=1099&#038;lang=fr\">Journ\u00e9e d&#8217;\u00e9tude et de rencontre le samedi 29 novembre 2025 \u00e0 Groenhove Diocesaan Dienstenhuis, Bosdreef 5,  8820 Torhout<\/a><\/li>\n<li><a class=\"wp-block-latest-posts__post-title\" href=\"https:\/\/oikoumene.be\/?p=1092\">Jaarlijkse studiedag van de KNCO, zaterdag 29 november 2025, Groenhove Diocesaan Dienstenhuis, Bosdreef 5, 8820 Torhout<\/a><\/li>\n<\/ul>","protected":false},"excerpt":{"rendered":"<p>Erig\u00e9e par la Conf\u00e9rence des \u00e9v\u00eaques de Belgique en 1967, la Commission Nationale Catholique pour l&#8217;Oecum\u00e9nisme (CNCO) a comme t\u00e2che de favoriser les relations entre l\u2019\u00c9glise catholique et les autres \u00c9glises et confessions chr\u00e9tiennes ainsi que de d\u00e9velopper la pastorale \u0153cum\u00e9nique dans notre pays. Elle comprend les pr\u00e9sidents des commissions dioc\u00e9saines ainsi que les responsables [&hellip;]<\/p>\n","protected":false},"author":1,"featured_media":0,"parent":0,"menu_order":0,"comment_status":"closed","ping_status":"closed","template":"","meta":{"footnotes":""},"class_list":["post-566","page","type-page","status-publish","hentry"],"yoast_head":"<!-- This site is optimized with the Yoast SEO plugin v27.4 - https:\/\/yoast.com\/product\/yoast-seo-wordpress\/ -->\n<title>Bienvenue - Oikoumene<\/title>\n<meta name=\"robots\" content=\"index, follow, max-snippet:-1, max-image-preview:large, max-video-preview:-1\" \/>\n<link rel=\"canonical\" href=\"https:\/\/oikoumene.be\/?page_id=566&lang=fr\" \/>\n<meta property=\"og:locale\" content=\"nl_BE\" \/>\n<meta property=\"og:type\" content=\"article\" \/>\n<meta property=\"og:title\" content=\"Bienvenue - Oikoumene\" \/>\n<meta property=\"og:description\" content=\"Erig\u00e9e par la Conf\u00e9rence des \u00e9v\u00eaques de Belgique en 1967, la Commission Nationale Catholique pour l&#8217;Oecum\u00e9nisme (CNCO) a comme t\u00e2che de favoriser les relations entre l\u2019\u00c9glise catholique et les autres \u00c9glises et confessions chr\u00e9tiennes ainsi que de d\u00e9velopper la pastorale \u0153cum\u00e9nique dans notre pays. Elle comprend les pr\u00e9sidents des commissions dioc\u00e9saines ainsi que les responsables [&hellip;]\" \/>\n<meta property=\"og:url\" content=\"https:\/\/oikoumene.be\/?page_id=566&amp;lang=fr\" \/>\n<meta property=\"og:site_name\" content=\"Oikoumene\" \/>\n<meta property=\"article:modified_time\" content=\"2025-12-09T09:41:35+00:00\" \/>\n<meta name=\"twitter:card\" content=\"summary_large_image\" \/>\n<meta name=\"twitter:label1\" content=\"Geschatte leestijd\" \/>\n\t<meta name=\"twitter:data1\" content=\"1 minuut\" \/>\n<script type=\"application\/ld+json\" class=\"yoast-schema-graph\">{\"@context\":\"https:\\\/\\\/schema.org\",\"@graph\":[{\"@type\":\"WebPage\",\"@id\":\"https:\\\/\\\/oikoumene.be\\\/?page_id=566&lang=fr\",\"url\":\"https:\\\/\\\/oikoumene.be\\\/?page_id=566&lang=fr\",\"name\":\"Bienvenue - Oikoumene\",\"isPartOf\":{\"@id\":\"https:\\\/\\\/oikoumene.be\\\/#website\"},\"datePublished\":\"2023-11-12T14:45:56+00:00\",\"dateModified\":\"2025-12-09T09:41:35+00:00\",\"breadcrumb\":{\"@id\":\"https:\\\/\\\/oikoumene.be\\\/?page_id=566&lang=fr#breadcrumb\"},\"inLanguage\":\"nl-BE\",\"potentialAction\":[{\"@type\":\"ReadAction\",\"target\":[\"https:\\\/\\\/oikoumene.be\\\/?page_id=566&lang=fr\"]}]},{\"@type\":\"BreadcrumbList\",\"@id\":\"https:\\\/\\\/oikoumene.be\\\/?page_id=566&lang=fr#breadcrumb\",\"itemListElement\":[{\"@type\":\"ListItem\",\"position\":1,\"name\":\"Home\",\"item\":\"https:\\\/\\\/oikoumene.be\\\/\"},{\"@type\":\"ListItem\",\"position\":2,\"name\":\"Bienvenue\"}]},{\"@type\":\"WebSite\",\"@id\":\"https:\\\/\\\/oikoumene.be\\\/#website\",\"url\":\"https:\\\/\\\/oikoumene.be\\\/\",\"name\":\"Oikoumene\",\"description\":\"\",\"publisher\":{\"@id\":\"https:\\\/\\\/oikoumene.be\\\/#organization\"},\"potentialAction\":[{\"@type\":\"SearchAction\",\"target\":{\"@type\":\"EntryPoint\",\"urlTemplate\":\"https:\\\/\\\/oikoumene.be\\\/?s={search_term_string}\"},\"query-input\":{\"@type\":\"PropertyValueSpecification\",\"valueRequired\":true,\"valueName\":\"search_term_string\"}}],\"inLanguage\":\"nl-BE\"},{\"@type\":\"Organization\",\"@id\":\"https:\\\/\\\/oikoumene.be\\\/#organization\",\"name\":\"Oikoumene\",\"url\":\"https:\\\/\\\/oikoumene.be\\\/\",\"logo\":{\"@type\":\"ImageObject\",\"inLanguage\":\"nl-BE\",\"@id\":\"https:\\\/\\\/oikoumene.be\\\/#\\\/schema\\\/logo\\\/image\\\/\",\"url\":\"https:\\\/\\\/oikoumene.be\\\/wp-content\\\/uploads\\\/2023\\\/11\\\/cropped-logo-1.png\",\"contentUrl\":\"https:\\\/\\\/oikoumene.be\\\/wp-content\\\/uploads\\\/2023\\\/11\\\/cropped-logo-1.png\",\"width\":225,\"height\":225,\"caption\":\"Oikoumene\"},\"image\":{\"@id\":\"https:\\\/\\\/oikoumene.be\\\/#\\\/schema\\\/logo\\\/image\\\/\"}}]}<\/script>\n<!-- \/ Yoast SEO plugin. -->","yoast_head_json":{"title":"Bienvenue - Oikoumene","robots":{"index":"index","follow":"follow","max-snippet":"max-snippet:-1","max-image-preview":"max-image-preview:large","max-video-preview":"max-video-preview:-1"},"canonical":"https:\/\/oikoumene.be\/?page_id=566&lang=fr","og_locale":"nl_BE","og_type":"article","og_title":"Bienvenue - Oikoumene","og_description":"Erig\u00e9e par la Conf\u00e9rence des \u00e9v\u00eaques de Belgique en 1967, la Commission Nationale Catholique pour l&#8217;Oecum\u00e9nisme (CNCO) a comme t\u00e2che de favoriser les relations entre l\u2019\u00c9glise catholique et les autres \u00c9glises et confessions chr\u00e9tiennes ainsi que de d\u00e9velopper la pastorale \u0153cum\u00e9nique dans notre pays. Elle comprend les pr\u00e9sidents des commissions dioc\u00e9saines ainsi que les responsables [&hellip;]","og_url":"https:\/\/oikoumene.be\/?page_id=566&lang=fr","og_site_name":"Oikoumene","article_modified_time":"2025-12-09T09:41:35+00:00","twitter_card":"summary_large_image","twitter_misc":{"Geschatte leestijd":"1 minuut"},"schema":{"@context":"https:\/\/schema.org","@graph":[{"@type":"WebPage","@id":"https:\/\/oikoumene.be\/?page_id=566&lang=fr","url":"https:\/\/oikoumene.be\/?page_id=566&lang=fr","name":"Bienvenue - Oikoumene","isPartOf":{"@id":"https:\/\/oikoumene.be\/#website"},"datePublished":"2023-11-12T14:45:56+00:00","dateModified":"2025-12-09T09:41:35+00:00","breadcrumb":{"@id":"https:\/\/oikoumene.be\/?page_id=566&lang=fr#breadcrumb"},"inLanguage":"nl-BE","potentialAction":[{"@type":"ReadAction","target":["https:\/\/oikoumene.be\/?page_id=566&lang=fr"]}]},{"@type":"BreadcrumbList","@id":"https:\/\/oikoumene.be\/?page_id=566&lang=fr#breadcrumb","itemListElement":[{"@type":"ListItem","position":1,"name":"Home","item":"https:\/\/oikoumene.be\/"},{"@type":"ListItem","position":2,"name":"Bienvenue"}]},{"@type":"WebSite","@id":"https:\/\/oikoumene.be\/#website","url":"https:\/\/oikoumene.be\/","name":"Oikoumene","description":"","publisher":{"@id":"https:\/\/oikoumene.be\/#organization"},"potentialAction":[{"@type":"SearchAction","target":{"@type":"EntryPoint","urlTemplate":"https:\/\/oikoumene.be\/?s={search_term_string}"},"query-input":{"@type":"PropertyValueSpecification","valueRequired":true,"valueName":"search_term_string"}}],"inLanguage":"nl-BE"},{"@type":"Organization","@id":"https:\/\/oikoumene.be\/#organization","name":"Oikoumene","url":"https:\/\/oikoumene.be\/","logo":{"@type":"ImageObject","inLanguage":"nl-BE","@id":"https:\/\/oikoumene.be\/#\/schema\/logo\/image\/","url":"https:\/\/oikoumene.be\/wp-content\/uploads\/2023\/11\/cropped-logo-1.png","contentUrl":"https:\/\/oikoumene.be\/wp-content\/uploads\/2023\/11\/cropped-logo-1.png","width":225,"height":225,"caption":"Oikoumene"},"image":{"@id":"https:\/\/oikoumene.be\/#\/schema\/logo\/image\/"}}]}},"_links":{"self":[{"href":"https:\/\/oikoumene.be\/index.php?rest_route=\/wp\/v2\/pages\/566","targetHints":{"allow":["GET"]}}],"collection":[{"href":"https:\/\/oikoumene.be\/index.php?rest_route=\/wp\/v2\/pages"}],"about":[{"href":"https:\/\/oikoumene.be\/index.php?rest_route=\/wp\/v2\/types\/page"}],"author":[{"embeddable":true,"href":"https:\/\/oikoumene.be\/index.php?rest_route=\/wp\/v2\/users\/1"}],"replies":[{"embeddable":true,"href":"https:\/\/oikoumene.be\/index.php?rest_route=%2Fwp%2Fv2%2Fcomments&post=566"}],"version-history":[{"count":40,"href":"https:\/\/oikoumene.be\/index.php?rest_route=\/wp\/v2\/pages\/566\/revisions"}],"predecessor-version":[{"id":1111,"href":"https:\/\/oikoumene.be\/index.php?rest_route=\/wp\/v2\/pages\/566\/revisions\/1111"}],"wp:attachment":[{"href":"https:\/\/oikoumene.be\/index.php?rest_route=%2Fwp%2Fv2%2Fmedia&parent=566"}],"curies":[{"name":"wp","href":"https:\/\/api.w.org\/{rel}","templated":true}]}}